{"id":6,"date":"2009-05-03T18:56:31","date_gmt":"2009-05-03T16:56:31","guid":{"rendered":"https:\/\/www.livediesel.de\/?page_id=6"},"modified":"2010-12-31T13:21:04","modified_gmt":"2010-12-31T11:21:04","slug":"links","status":"publish","type":"page","link":"https:\/\/www.livediesel.de\/?page_id=6","title":{"rendered":"Links"},"content":{"rendered":"<p><strong>Seiten von mir:<\/strong><\/p>\n<ul>\n<li>GPIO Treiber f\u00fcr den RTL8186 WLan Chip (<a href=\"http:\/\/code.google.com\/p\/rtl8186-gpio-drv\/\" target=\"_blank\">http:\/\/code.google.com\/p\/rtl8186-gpio-drv\/<\/a>)<\/li>\n<li>Infos \u00fcber die GPIOs des RTL8186 Chip (<a href=\"http:\/\/sites.google.com\/site\/rtl8186gpio\/\" target=\"_blank\">http:\/\/sites.google.com\/site\/rtl8186gpio\/<\/a>)<\/li>\n<li>Website \u00fcber die drei gr\u00f6\u00dften Eisenbahngesch\u00fctze der Welt (<a href=\"http:\/\/www.schwerer-gustav.de\/\" target=\"_blank\">http:\/\/www.schwerer-gustav.de\/<\/a>)<\/li>\n<\/ul>\n<p><strong>Seiten bei denen ich die Finger mit im Spiel habe:<\/strong><\/p>\n<ul>\n<li>Traditionsverein Kleinbahn des Kreises Jerichow I (<a href=\"http:\/\/www.kj-1.de\" target=\"_blank\">http:\/\/www.kj-1.de<\/a>)<\/li>\n<li>Kitesven (<a href=\"http:\/\/www.kitesven.de\" target=\"_blank\">http:\/\/www.kitesven.de<\/a>)<\/li>\n<li>L\u00f6we Bikes Berlin (<a href=\"http:\/\/www.loewe-bikes.de\" target=\"_blank\">http:\/\/www.loewe-bikes.de<\/a>)<\/li>\n<li>DesignerCo (<a href=\"http:\/\/www.designerco.de\" target=\"_blank\">http:\/\/www.designerco.de<\/a>)<\/li>\n<\/ul>\n<p><strong>Alles andere<\/strong><\/p>\n<ul>\n<li>Masters Planet (<a href=\"http:\/\/www.master-planet.de\" target=\"_blank\">http:\/\/www.master-planet.de<\/a>)<\/li>\n<\/ul>\n","protected":false},"excerpt":{"rendered":"<p>Seiten von mir: GPIO Treiber f\u00fcr den RTL8186 WLan Chip (http:\/\/code.google.com\/p\/rtl8186-gpio-drv\/) Infos \u00fcber die GPIOs des RTL8186 Chip (http:\/\/sites.google.com\/site\/rtl8186gpio\/) Website \u00fcber die drei gr\u00f6\u00dften Eisenbahngesch\u00fctze der Welt (http:\/\/www.schwerer-gustav.de\/) Seiten bei denen ich die Finger mit im Spiel habe: Traditionsverein Kleinbahn des Kreises Jerichow I (http:\/\/www.kj-1.de) Kitesven (http:\/\/www.kitesven.de) L\u00f6we Bikes Berlin (http:\/\/www.loewe-bikes.de) DesignerCo (http:\/\/www.designerco.de) Alles andere [&hellip;]<\/p>\n","protected":false},"author":1,"featured_media":0,"parent":0,"menu_order":98,"comment_status":"closed","ping_status":"closed","template":"","meta":{"footnotes":""},"class_list":["post-6","page","type-page","status-publish","hentry"],"_links":{"self":[{"href":"https:\/\/www.livediesel.de\/index.php?rest_route=\/wp\/v2\/pages\/6","targetHints":{"allow":["GET"]}}],"collection":[{"href":"https:\/\/www.livediesel.de\/index.php?rest_route=\/wp\/v2\/pages"}],"about":[{"href":"https:\/\/www.livediesel.de\/index.php?rest_route=\/wp\/v2\/types\/page"}],"author":[{"embeddable":true,"href":"https:\/\/www.livediesel.de\/index.php?rest_route=\/wp\/v2\/users\/1"}],"replies":[{"embeddable":true,"href":"https:\/\/www.livediesel.de\/index.php?rest_route=%2Fwp%2Fv2%2Fcomments&post=6"}],"version-history":[{"count":9,"href":"https:\/\/www.livediesel.de\/index.php?rest_route=\/wp\/v2\/pages\/6\/revisions"}],"predecessor-version":[{"id":9,"href":"https:\/\/www.livediesel.de\/index.php?rest_route=\/wp\/v2\/pages\/6\/revisions\/9"}],"wp:attachment":[{"href":"https:\/\/www.livediesel.de\/index.php?rest_route=%2Fwp%2Fv2%2Fmedia&parent=6"}],"curies":[{"name":"wp","href":"https:\/\/api.w.org\/{rel}","templated":true}]}}